{"id":7,"date":"2025-11-30T23:57:13","date_gmt":"2025-12-01T02:57:13","guid":{"rendered":"https:\/\/evicconsultores.com\/contact\/"},"modified":"2025-11-30T23:57:14","modified_gmt":"2025-12-01T02:57:14","slug":"contact","status":"publish","type":"page","link":"https:\/\/evicconsultores.com\/?page_id=7","title":{"rendered":"Contacto"},"content":{"rendered":"\n<div class=\"wp-block-group alignwide hostinger-ai-our-location-2 hostinger-ai-fade-up is-layout-constrained wp-block-group-is-layout-constrained\" style=\"padding-top:0;padding-bottom:0\">\n<div class=\"wp-block-group alignwide hostinger-ai-fade-up is-content-justification-left is-layout-constrained wp-container-core-group-is-layout-12dd3699 wp-block-group-is-layout-constrained\">\n<div class=\"wp-block-columns alignwide is-layout-flex wp-container-core-columns-is-layout-28f84493 wp-block-columns-is-layout-flex\">\n<div class=\"wp-block-column our-location-column is-layout-flow wp-block-column-is-layout-flow\" style=\"flex-basis:33.33%\">\n<h1 class=\"wp-block-heading hostinger-ai-title\">Ubicaci\u00f3n<\/h1>\n\n\n\n<h1 class=\"wp-block-heading has-text-align-left hostinger-ai-description has-medium-font-size\">Estamos en Providencia, Chile<\/h1>\n\n\n\n<h1 class=\"wp-block-heading hostinger-ai-title hostinger-index-1 hostinger-ai-font-bold has-dark-color has-text-color has-link-color has-medium-font-size wp-elements-7bef3fe6929c449274489c46f3dea030\">Contacto<\/h1>\n\n\n\n<h1 class=\"wp-block-heading has-medium-font-size\">Email: evic.consultores@gmail.com<\/h1>\n\n\n\n<h1 class=\"wp-block-heading\">Tel\u00e9fono: (+56) 9 50143774<\/h1>\n\n\n\n<h1 class=\"wp-block-heading hostinger-ai-title hostinger-index-2 hostinger-ai-font-bold has-dark-color has-text-color has-link-color has-medium-font-size wp-elements-b35114dbd4fba86393b7a1dd0cfa9122\">Horario de atenci\u00f3n<\/h1>\n\n\n\n<h1 class=\"wp-block-heading has-dark-color has-text-color has-link-color has-medium-font-size wp-elements-eba2052b9a6dca69f0fe784134c1726c\">09:00 a 17:30 hrs.<\/h1>\n<\/div>\n\n\n\n<div class=\"wp-block-column is-layout-flow wp-block-column-is-layout-flow\">\n<div class=\"wp-block-stackable-spacer stk-block-spacer stk--no-padding stk-block stk-baa08db\" data-block-id=\"baa08db\"><\/div>\n<\/div>\n\n\n\n<div class=\"wp-block-column is-layout-flow wp-block-column-is-layout-flow\" style=\"flex-basis:66.66%\">\n<figure class=\"wp-block-image size-full is-resized has-custom-border hostinger-ai-image\"><img decoding=\"async\" src=\"https:\/\/images.unsplash.com\/photo-1698079276803-0a6f0c27d242?q=85&amp;w=400&amp;h=400&amp;fit=crop\" alt=\"An office workspace with multiple cubicles, dual monitors on the desks, and a white ergonomic office chair. On one of the desks, there are alphabet blocks spelling the name 'FRED'. Above the desk, a blue statue of a human figure is depicted in a dynamic, jumping pose. The workspace shelves contain various office supplies, including stacked books and a clock.\" class=\"wp-image-160\" style=\"border-radius:20px;width:458px;height:auto\"\/><\/figure>\n<\/div>\n<\/div>\n<\/div>\n<\/div>\n\n\n\n<div class=\"wp-block-group alignfull hostinger-ai-solid-block hostinger-ai-fade-up has-color-1-background-color has-background is-layout-constrained wp-block-group-is-layout-constrained\" style=\"padding-top:var(--wp--preset--spacing--60);padding-bottom:var(--wp--preset--spacing--60)\">\n<div class=\"wp-block-group alignwide hostinger-ai-fade-up is-vertical is-content-justification-center is-nowrap is-layout-flex wp-container-core-group-is-layout-4cc6ee0a wp-block-group-is-layout-flex\" style=\"min-height:0px;padding-top:0;padding-bottom:0\">\n<div class=\"wp-block-group hostinger-ai-fade-up wp-container-content-69bc4bdf is-content-justification-center is-layout-constrained wp-container-core-group-is-layout-78267832 wp-block-group-is-layout-constrained\">\n<p class=\"has-text-align-center\">Cont\u00e1ctanos<\/p>\n\n\n\n<p class=\"has-text-align-center hostinger-ai-description has-dark-color has-text-color has-link-color has-medium-font-size wp-elements-a67c8b2a618c020db426b226c32acf54\" style=\"margin-top:var(--wp--preset--spacing--20);margin-bottom:var(--wp--preset--spacing--50)\">Hablemos sobre c\u00f3mo facilitar la gesti\u00f3n laboral de tu empresa hoy mismo.<\/p>\n\n\n\n<div class=\"wp-block-buttons is-content-justification-center is-layout-flex wp-container-core-buttons-is-layout-a89b3969 wp-block-buttons-is-layout-flex\">\n<div class=\"wp-block-button hostinger-ai-cta-button\"><a class=\"wp-block-button__link has-dark-color has-contrast-background-color has-text-color has-background has-link-color has-border-color has-medium-font-size has-custom-font-size wp-element-button\" href=\"https:\/\/evicconsultores.com\/wp-admin\/post.php?post=17&amp;action=edit\" style=\"border-color:#0d141a;border-width:1px;border-radius:50px;padding-top:var(--wp--preset--spacing--30);padding-right:var(--wp--preset--spacing--70);padding-bottom:var(--wp--preset--spacing--30);padding-left:var(--wp--preset--spacing--70);box-shadow:none\">Enviar<\/a><\/div>\n<\/div>\n<\/div>\n<\/div>\n<\/div>\n\n\n\n<p><\/p>\n","protected":false},"excerpt":{"rendered":"<p>Ubicaci\u00f3n Estamos en Providencia, Chile Contacto Email: evic.consultores@gmail.com Tel\u00e9fono: (+56) 9 50143774 Horario de atenci\u00f3n 09:00 a 17:30 hrs. Cont\u00e1ctanos Hablemos sobre c\u00f3mo facilitar la gesti\u00f3n laboral de tu empresa hoy mismo.<\/p>\n","protected":false},"author":1,"featured_media":0,"parent":0,"menu_order":0,"comment_status":"closed","ping_status":"closed","template":"","meta":{"footnotes":""},"class_list":["post-7","page","type-page","status-publish","hentry"],"blocksy_meta":[],"_hostinger_reach_plugin_has_subscription_block":false,"_hostinger_reach_plugin_is_elementor":false,"_links":{"self":[{"href":"https:\/\/evicconsultores.com\/index.php?rest_route=\/wp\/v2\/pages\/7","targetHints":{"allow":["GET"]}}],"collection":[{"href":"https:\/\/evicconsultores.com\/index.php?rest_route=\/wp\/v2\/pages"}],"about":[{"href":"https:\/\/evicconsultores.com\/index.php?rest_route=\/wp\/v2\/types\/page"}],"author":[{"embeddable":true,"href":"https:\/\/evicconsultores.com\/index.php?rest_route=\/wp\/v2\/users\/1"}],"replies":[{"embeddable":true,"href":"https:\/\/evicconsultores.com\/index.php?rest_route=%2Fwp%2Fv2%2Fcomments&post=7"}],"version-history":[{"count":5,"href":"https:\/\/evicconsultores.com\/index.php?rest_route=\/wp\/v2\/pages\/7\/revisions"}],"predecessor-version":[{"id":1137,"href":"https:\/\/evicconsultores.com\/index.php?rest_route=\/wp\/v2\/pages\/7\/revisions\/1137"}],"wp:attachment":[{"href":"https:\/\/evicconsultores.com\/index.php?rest_route=%2Fwp%2Fv2%2Fmedia&parent=7"}],"curies":[{"name":"wp","href":"https:\/\/api.w.org\/{rel}","templated":true}]}}