{"id":1168,"date":"2025-11-18T11:03:50","date_gmt":"2025-11-18T14:03:50","guid":{"rendered":"https:\/\/evicconsultores.com\/aviso-de-privacidad\/"},"modified":"2025-11-30T23:43:53","modified_gmt":"2025-12-01T02:43:53","slug":"aviso-de-privacidad","status":"publish","type":"page","link":"https:\/\/evicconsultores.com\/?page_id=1168","title":{"rendered":"Aviso de Privacidad"},"content":{"rendered":"\n<div class=\"wp-block-group is-layout-constrained wp-block-group-is-layout-constrained\">\n<div class=\"wp-block-media-text has-media-on-the-right is-stacked-on-mobile is-vertically-aligned-center\" style=\"grid-template-columns:auto 49%\"><div class=\"wp-block-media-text__content\">\n<div class=\"wp-block-group is-layout-constrained wp-block-group-is-layout-constrained\">\n<div class=\"wp-block-columns is-layout-flex wp-container-core-columns-is-layout-28f84493 wp-block-columns-is-layout-flex\">\n<div class=\"wp-block-column is-layout-flow wp-block-column-is-layout-flow\" style=\"flex-basis:100%\">\n<div class=\"wp-block-group is-layout-constrained wp-block-group-is-layout-constrained\">\n<h6 class=\"wp-block-heading\">AVISO DE PRIVACIDAD<br><br>EVIC CONSULTORES SPA, comercialmente conocido como EVIC CONSULTORES SPA, con domicilio en SANTA MAGDALENA 75 OF 304, es el responsable del uso y protecci\u00f3n de sus datos personales.<br><br>FINALIDADES PRIMARIAS<br>Los datos personales que recabamos de usted, los utilizaremos para las siguientes finalidades que son necesarias para el servicio que solicita:<br><br>\u2022 Respuesta a mensajes del formulario de contacto<br><br>DATOS PERSONALES RECABADOS<br>Para las finalidades se\u00f1aladas en el presente aviso de privacidad, podemos recabar sus datos de identificaci\u00f3n y contacto.<br><br>DERECHOS ARCO<br>Usted tiene derecho a conocer qu\u00e9 datos personales tenemos de usted, para qu\u00e9 los utilizamos y las condiciones del uso que les damos (Acceso). Asimismo, es su derecho solicitar la correcci\u00f3n de su informaci\u00f3n personal en caso de que est\u00e9 desactualizada, sea inexacta o incompleta (Rectificaci\u00f3n); que la eliminemos de nuestros registros o bases de datos cuando considere que la misma no est\u00e1 siendo utilizada adecuadamente (Cancelaci\u00f3n); as\u00ed como oponerse al uso de sus datos personales para fines espec\u00edficos (Oposici\u00f3n). Estos derechos se conocen como derechos ARCO.<br><br>Para el ejercicio de cualquiera de los derechos ARCO, usted deber\u00e1 presentar la solicitud respectiva a trav\u00e9s de los medios especificados. La respuesta a su solicitud ser\u00e1 atendida en un plazo m\u00e1ximo de 5 d\u00edas h\u00e1biles.<br><br>DATOS RECABADOS POR EL SITIO WEB<br>Nuestro sitio web recaba autom\u00e1ticamente los siguientes datos:<br><br>\u2022 Identificadores, nombre de usuario y contrase\u00f1as de sesi\u00f3n<br><br>CONTACTO<br>Para m\u00e1s informaci\u00f3n sobre este aviso de privacidad, puede contactarnos en:<br><br>Correo electr\u00f3nico: evic.consultores@gmail.com<br>Sitio web: https:\/\/www.evicconsultores.com<br><br>\u00daltima actualizaci\u00f3n: 18\/11\/2025<\/h6>\n<\/div>\n<\/div>\n<\/div>\n<\/div>\n<\/div><figure class=\"wp-block-media-text__media\"><img decoding=\"async\" width=\"678\" height=\"874\" src=\"https:\/\/evicconsultores.com\/wp-content\/uploads\/2025\/11\/Privacidad-2_page-0001.jpg\" alt=\"\" class=\"wp-image-1188 size-full\" srcset=\"https:\/\/evicconsultores.com\/wp-content\/uploads\/2025\/11\/Privacidad-2_page-0001.jpg 678w, https:\/\/evicconsultores.com\/wp-content\/uploads\/2025\/11\/Privacidad-2_page-0001-233x300.jpg 233w\" sizes=\"(max-width: 678px) 100vw, 678px\" \/><\/figure><\/div>\n<\/div>\n","protected":false},"excerpt":{"rendered":"<p>AVISO DE PRIVACIDAD EVIC CONSULTORES SPA, comercialmente conocido como EVIC CONSULTORES SPA, con domicilio en SANTA MAGDALENA 75 OF 304, es el responsable del uso y protecci\u00f3n de sus datos personales. FINALIDADES PRIMARIASLos datos personales que recabamos de usted, los utilizaremos para las siguientes finalidades que son necesarias para el servicio que solicita: \u2022 Respuesta [&hellip;]<\/p>\n","protected":false},"author":1,"featured_media":0,"parent":0,"menu_order":0,"comment_status":"closed","ping_status":"closed","template":"","meta":{"footnotes":""},"class_list":["post-1168","page","type-page","status-publish","hentry"],"blocksy_meta":[],"_hostinger_reach_plugin_has_subscription_block":false,"_hostinger_reach_plugin_is_elementor":false,"_links":{"self":[{"href":"https:\/\/evicconsultores.com\/index.php?rest_route=\/wp\/v2\/pages\/1168","targetHints":{"allow":["GET"]}}],"collection":[{"href":"https:\/\/evicconsultores.com\/index.php?rest_route=\/wp\/v2\/pages"}],"about":[{"href":"https:\/\/evicconsultores.com\/index.php?rest_route=\/wp\/v2\/types\/page"}],"author":[{"embeddable":true,"href":"https:\/\/evicconsultores.com\/index.php?rest_route=\/wp\/v2\/users\/1"}],"replies":[{"embeddable":true,"href":"https:\/\/evicconsultores.com\/index.php?rest_route=%2Fwp%2Fv2%2Fcomments&post=1168"}],"version-history":[{"count":8,"href":"https:\/\/evicconsultores.com\/index.php?rest_route=\/wp\/v2\/pages\/1168\/revisions"}],"predecessor-version":[{"id":1192,"href":"https:\/\/evicconsultores.com\/index.php?rest_route=\/wp\/v2\/pages\/1168\/revisions\/1192"}],"wp:attachment":[{"href":"https:\/\/evicconsultores.com\/index.php?rest_route=%2Fwp%2Fv2%2Fmedia&parent=1168"}],"curies":[{"name":"wp","href":"https:\/\/api.w.org\/{rel}","templated":true}]}}